{"id":281,"date":"2021-03-23T18:06:32","date_gmt":"2021-03-23T18:06:32","guid":{"rendered":"https:\/\/e-gob.erikespinosar.com\/?page_id=281"},"modified":"2025-05-23T01:16:13","modified_gmt":"2025-05-22T19:16:13","slug":"configuracion-y-administracion-de-la-plataforma","status":"publish","type":"page","link":"https:\/\/e-gob.app\/index.php\/configuracion-y-administracion-de-la-plataforma\/","title":{"rendered":"Configuraci\u00f3n y administraci\u00f3n de la plataforma"},"content":{"rendered":"\t\t<div data-elementor-type=\"wp-page\" data-elementor-id=\"281\" class=\"elementor elementor-281\" data-elementor-settings=\"[]\">\n\t\t\t\t\t\t\t<div class=\"elementor-section-wrap\">\n\t\t\t\t\t\t\t<section class=\"elementor-section elementor-top-section elementor-element elementor-element-08fd201 elementor-section-full_width elementor-section-height-default elementor-section-height-default\" data-id=\"08fd201\" data-element_type=\"section\" data-settings=\"{&quot;background_background&quot;:&quot;classic&quot;}\">\n\t\t\t\t\t\t\t<div class=\"elementor-background-overlay\"><\/div>\n\t\t\t\t\t\t\t<div class=\"elementor-container elementor-column-gap-default\">\n\t\t\t\t\t<div class=\"elementor-column elementor-col-100 elementor-top-column elementor-element elementor-element-8a4e039\" data-id=\"8a4e039\" data-element_type=\"column\">\n\t\t\t<div class=\"elementor-widget-wrap elementor-element-populated\">\n\t\t\t\t\t\t\t\t<div class=\"elementor-element elementor-element-57e1c1a elementor-widget elementor-widget-spacer\" data-id=\"57e1c1a\" data-element_type=\"widget\" data-widget_type=\"spacer.default\">\n\t\t\t\t<div class=\"elementor-widget-container\">\n\t\t\t\t\t<div class=\"elementor-spacer\">\n\t\t\t<div class=\"elementor-spacer-inner\"><\/div>\n\t\t<\/div>\n\t\t\t\t<\/div>\n\t\t\t\t<\/div>\n\t\t\t\t<div class=\"elementor-element elementor-element-bb7ab2c elementor-widget elementor-widget-heading\" data-id=\"bb7ab2c\" data-element_type=\"widget\" data-widget_type=\"heading.default\">\n\t\t\t\t<div class=\"elementor-widget-container\">\n\t\t\t<h2 class=\"elementor-heading-title elementor-size-default\">Configuraci\u00f3n y administraci\u00f3n de la plataforma<\/h2>\t\t<\/div>\n\t\t\t\t<\/div>\n\t\t\t\t<div class=\"elementor-element elementor-element-7f5daf2 elementor-widget elementor-widget-spacer\" data-id=\"7f5daf2\" data-element_type=\"widget\" data-widget_type=\"spacer.default\">\n\t\t\t\t<div class=\"elementor-widget-container\">\n\t\t\t\t\t<div class=\"elementor-spacer\">\n\t\t\t<div class=\"elementor-spacer-inner\"><\/div>\n\t\t<\/div>\n\t\t\t\t<\/div>\n\t\t\t\t<\/div>\n\t\t\t\t\t<\/div>\n\t\t<\/div>\n\t\t\t\t\t\t\t<\/div>\n\t\t<\/section>\n\t\t\t\t<section class=\"elementor-section elementor-top-section elementor-element elementor-element-5184bc5 elementor-section-boxed elementor-section-height-default elementor-section-height-default\" data-id=\"5184bc5\" data-element_type=\"section\">\n\t\t\t\t\t\t<div class=\"elementor-container elementor-column-gap-wide\">\n\t\t\t\t\t<div class=\"elementor-column elementor-col-100 elementor-top-column elementor-element elementor-element-3e733ed\" data-id=\"3e733ed\" data-element_type=\"column\">\n\t\t\t<div class=\"elementor-widget-wrap elementor-element-populated\">\n\t\t\t\t\t\t\t\t<div class=\"elementor-element elementor-element-b967c9a elementor-widget elementor-widget-text-editor\" data-id=\"b967c9a\" data-element_type=\"widget\" data-widget_type=\"text-editor.default\">\n\t\t\t\t<div class=\"elementor-widget-container\">\n\t\t\t\t\t<div class=\"elementor-text-editor elementor-clearfix\"><p><a href=\"\/#componentes\">&lt; Todos los componentes<\/a><\/p><\/div>\n\t\t\t\t<\/div>\n\t\t\t\t<\/div>\n\t\t\t\t<div class=\"elementor-element elementor-element-2ca7e95 elementor-widget elementor-widget-heading\" data-id=\"2ca7e95\" data-element_type=\"widget\" data-widget_type=\"heading.default\">\n\t\t\t\t<div class=\"elementor-widget-container\">\n\t\t\t<h3 class=\"elementor-heading-title elementor-size-default\">Configurando la implementaci\u00f3n<\/h3>\t\t<\/div>\n\t\t\t\t<\/div>\n\t\t\t\t<div class=\"elementor-element elementor-element-8d49723 elementor-widget elementor-widget-text-editor\" data-id=\"8d49723\" data-element_type=\"widget\" data-widget_type=\"text-editor.default\">\n\t\t\t\t<div class=\"elementor-widget-container\">\n\t\t\t\t\t<div class=\"elementor-text-editor elementor-clearfix\"><p><span style=\"font-weight: 400;\">El m\u00f3dulo de configuraci\u00f3n permite establecer el nombre, la abreviatura o acr\u00f3nimo, el domicilio y logotipo de la organizaci\u00f3n donde se implementa la plataforma para su operaci\u00f3n. As\u00ed como configurar los hiperv\u00ednculos donde se instalar\u00e1n y ejecutar\u00e1n las distintas aplicaciones que conforman la soluci\u00f3n.<\/span><\/p><p><span style=\"font-weight: 400;\">\u00a0<\/span><span style=\"font-weight: 400;\">Tambi\u00e9n se puede crear la estructura org\u00e1nica de la instituci\u00f3n gubernamental, mediante el alta de todas las unidades administrativas que la componen. Para cada unidad administrativa, adem\u00e1s de sus datos generales, es posible incorporar sus cat\u00e1logos de puestos y niveles de mando y dar de alta tambi\u00e9n empleados y usuarios del sistema.<\/span><\/p><\/div>\n\t\t\t\t<\/div>\n\t\t\t\t<\/div>\n\t\t\t\t<div class=\"elementor-element elementor-element-c0020cc elementor-widget elementor-widget-image\" data-id=\"c0020cc\" data-element_type=\"widget\" data-widget_type=\"image.default\">\n\t\t\t\t<div class=\"elementor-widget-container\">\n\t\t\t\t\t<div class=\"elementor-image\">\n\t\t\t\t\t\t\t\t\t\t<img width=\"626\" height=\"417\" src=\"https:\/\/e-gob.app\/wp-content\/uploads\/2021\/03\/configuracion-y-administracion-1.jpg\" class=\"attachment-full size-full\" alt=\"\" loading=\"lazy\" srcset=\"https:\/\/e-gob.app\/wp-content\/uploads\/2021\/03\/configuracion-y-administracion-1.jpg 626w, https:\/\/e-gob.app\/wp-content\/uploads\/2021\/03\/configuracion-y-administracion-1-300x200.jpg 300w\" sizes=\"(max-width: 626px) 100vw, 626px\" \/>\t\t\t\t\t\t\t\t\t\t\t<\/div>\n\t\t\t\t<\/div>\n\t\t\t\t<\/div>\n\t\t\t\t<div class=\"elementor-element elementor-element-f6cd9f7 elementor-widget elementor-widget-spacer\" data-id=\"f6cd9f7\" data-element_type=\"widget\" data-widget_type=\"spacer.default\">\n\t\t\t\t<div class=\"elementor-widget-container\">\n\t\t\t\t\t<div class=\"elementor-spacer\">\n\t\t\t<div class=\"elementor-spacer-inner\"><\/div>\n\t\t<\/div>\n\t\t\t\t<\/div>\n\t\t\t\t<\/div>\n\t\t\t\t<div class=\"elementor-element elementor-element-5274c0c elementor-widget elementor-widget-heading\" data-id=\"5274c0c\" data-element_type=\"widget\" data-widget_type=\"heading.default\">\n\t\t\t\t<div class=\"elementor-widget-container\">\n\t\t\t<h3 class=\"elementor-heading-title elementor-size-default\">Adaptando la plataforma a las facultades y atribuciones de la organizaci\u00f3n<\/h3>\t\t<\/div>\n\t\t\t\t<\/div>\n\t\t\t\t<div class=\"elementor-element elementor-element-04db274 elementor-widget elementor-widget-text-editor\" data-id=\"04db274\" data-element_type=\"widget\" data-widget_type=\"text-editor.default\">\n\t\t\t\t<div class=\"elementor-widget-container\">\n\t\t\t\t\t<div class=\"elementor-text-editor elementor-clearfix\"><p><span style=\"font-weight: 400;\">A cada unidad administrativa creada, se le puede configurar y habilitar una o varias aplicaciones que podr\u00e1n ejecutar los usuarios adscritos a esa unidad, dependiendo de las facultades y atribuciones de la misma. Las aplicaciones que se pueden configurar son:<\/span><\/p><ul><li><span style=\"font-weight: 400;\">El sistema de gesti\u00f3n interna<\/span><\/li><li><span style=\"font-weight: 400;\">Sistema de atenci\u00f3n al p\u00fablico<\/span><\/li><li><span style=\"font-weight: 400;\">Sistema de atenci\u00f3n a tr\u00e1mites<\/span><\/li><li><span style=\"font-weight: 400;\">Sistema de notificaci\u00f3n personal de documentos<\/span><\/li><li><span style=\"font-weight: 400;\">Sistema de seguimiento de auditor\u00edas<\/span><\/li><li><span style=\"font-weight: 400;\">Sistema de vigilancia de obligaciones<\/span><\/li><\/ul><p>\u00a0<\/p><p><span style=\"font-weight: 400;\">Cada uno de los sistemas cuenta con una configuraci\u00f3n y parametrizaci\u00f3n que puede ser adaptada de acuerdo a las necesidades operativas de cada unidad administrativa las cuales pueden ser:\u00a0 por tipo de impuesto, por tipo de servicio, por circunscripci\u00f3n territorial, por tipo de tr\u00e1mite o por tipo de acto administrativo.<\/span><\/p><\/div>\n\t\t\t\t<\/div>\n\t\t\t\t<\/div>\n\t\t\t\t<div class=\"elementor-element elementor-element-e9e67d7 elementor-widget elementor-widget-image\" data-id=\"e9e67d7\" data-element_type=\"widget\" data-widget_type=\"image.default\">\n\t\t\t\t<div class=\"elementor-widget-container\">\n\t\t\t\t\t<div class=\"elementor-image\">\n\t\t\t\t\t\t\t\t\t\t<img width=\"626\" height=\"417\" src=\"https:\/\/e-gob.app\/wp-content\/uploads\/2021\/03\/configuracion-y-administracion-2.jpg\" class=\"attachment-full size-full\" alt=\"\" loading=\"lazy\" srcset=\"https:\/\/e-gob.app\/wp-content\/uploads\/2021\/03\/configuracion-y-administracion-2.jpg 626w, https:\/\/e-gob.app\/wp-content\/uploads\/2021\/03\/configuracion-y-administracion-2-300x200.jpg 300w\" sizes=\"(max-width: 626px) 100vw, 626px\" \/>\t\t\t\t\t\t\t\t\t\t\t<\/div>\n\t\t\t\t<\/div>\n\t\t\t\t<\/div>\n\t\t\t\t<div class=\"elementor-element elementor-element-ab3e1e8 elementor-widget elementor-widget-spacer\" data-id=\"ab3e1e8\" data-element_type=\"widget\" data-widget_type=\"spacer.default\">\n\t\t\t\t<div class=\"elementor-widget-container\">\n\t\t\t\t\t<div class=\"elementor-spacer\">\n\t\t\t<div class=\"elementor-spacer-inner\"><\/div>\n\t\t<\/div>\n\t\t\t\t<\/div>\n\t\t\t\t<\/div>\n\t\t\t\t<div class=\"elementor-element elementor-element-a4f96fc elementor-widget elementor-widget-heading\" data-id=\"a4f96fc\" data-element_type=\"widget\" data-widget_type=\"heading.default\">\n\t\t\t\t<div class=\"elementor-widget-container\">\n\t\t\t<h3 class=\"elementor-heading-title elementor-size-default\">Creando tr\u00e1mites y actos administrativos.<\/h3>\t\t<\/div>\n\t\t\t\t<\/div>\n\t\t\t\t<div class=\"elementor-element elementor-element-590466a elementor-widget elementor-widget-text-editor\" data-id=\"590466a\" data-element_type=\"widget\" data-widget_type=\"text-editor.default\">\n\t\t\t\t<div class=\"elementor-widget-container\">\n\t\t\t\t\t<div class=\"elementor-text-editor elementor-clearfix\"><p><span style=\"font-weight: 400;\">Los tr\u00e1mites se pueden crear mediante configuraci\u00f3n. El sistema permite definir el nombre, la descripci\u00f3n, informaci\u00f3n de ayuda adicional,\u00a0 requisitos que se deben anexar, as\u00ed como los campos que el contribuyente debe capturar en el tr\u00e1mite.<\/span><\/p><p><span style=\"font-weight: 400;\">La emisi\u00f3n de los actos administrativos como cartas invitaci\u00f3n, requerimientos para el cumplimineto de obligaciones o de informaci\u00f3n, multas o cualquier documento del procedimiento administrativo de ejecuci\u00f3n, se pueden configurar. Adem\u00e1s es posible definir si los contribuyentes pueden responder o enviar informaci\u00f3n de forma electr\u00f3nica.<\/span><\/p><\/div>\n\t\t\t\t<\/div>\n\t\t\t\t<\/div>\n\t\t\t\t<div class=\"elementor-element elementor-element-dbd1e44 elementor-widget elementor-widget-image\" data-id=\"dbd1e44\" data-element_type=\"widget\" data-widget_type=\"image.default\">\n\t\t\t\t<div class=\"elementor-widget-container\">\n\t\t\t\t\t<div class=\"elementor-image\">\n\t\t\t\t\t\t\t\t\t\t<img width=\"626\" height=\"417\" src=\"https:\/\/e-gob.app\/wp-content\/uploads\/2021\/03\/configuracion-y-administracion-3.jpg\" class=\"attachment-full size-full\" alt=\"\" loading=\"lazy\" srcset=\"https:\/\/e-gob.app\/wp-content\/uploads\/2021\/03\/configuracion-y-administracion-3.jpg 626w, https:\/\/e-gob.app\/wp-content\/uploads\/2021\/03\/configuracion-y-administracion-3-300x200.jpg 300w\" sizes=\"(max-width: 626px) 100vw, 626px\" \/>\t\t\t\t\t\t\t\t\t\t\t<\/div>\n\t\t\t\t<\/div>\n\t\t\t\t<\/div>\n\t\t\t\t<div class=\"elementor-element elementor-element-50b153a elementor-widget elementor-widget-spacer\" data-id=\"50b153a\" data-element_type=\"widget\" data-widget_type=\"spacer.default\">\n\t\t\t\t<div class=\"elementor-widget-container\">\n\t\t\t\t\t<div class=\"elementor-spacer\">\n\t\t\t<div class=\"elementor-spacer-inner\"><\/div>\n\t\t<\/div>\n\t\t\t\t<\/div>\n\t\t\t\t<\/div>\n\t\t\t\t<div class=\"elementor-element elementor-element-e1d248d elementor-widget elementor-widget-heading\" data-id=\"e1d248d\" data-element_type=\"widget\" data-widget_type=\"heading.default\">\n\t\t\t\t<div class=\"elementor-widget-container\">\n\t\t\t<h3 class=\"elementor-heading-title elementor-size-default\">Administrando la operaci\u00f3n de las aplicaciones<\/h3>\t\t<\/div>\n\t\t\t\t<\/div>\n\t\t\t\t<div class=\"elementor-element elementor-element-8f7f1e7 elementor-widget elementor-widget-text-editor\" data-id=\"8f7f1e7\" data-element_type=\"widget\" data-widget_type=\"text-editor.default\">\n\t\t\t\t<div class=\"elementor-widget-container\">\n\t\t\t\t\t<div class=\"elementor-text-editor elementor-clearfix\"><p><span style=\"font-weight: 400;\">La operaci\u00f3n de las aplicaciones se puede suspender y reanudar, tambi\u00e9n se puede definir su horario de operaci\u00f3n, d\u00edas inh\u00e1biles, eliminar, suspender, reanudar y actualizar cuentas de acceso o roles de los usuarios.<\/span><\/p><\/div>\n\t\t\t\t<\/div>\n\t\t\t\t<\/div>\n\t\t\t\t<div class=\"elementor-element elementor-element-6fdb920 elementor-widget elementor-widget-image\" data-id=\"6fdb920\" data-element_type=\"widget\" data-widget_type=\"image.default\">\n\t\t\t\t<div class=\"elementor-widget-container\">\n\t\t\t\t\t<div class=\"elementor-image\">\n\t\t\t\t\t\t\t\t\t\t<img width=\"626\" height=\"332\" src=\"https:\/\/e-gob.app\/wp-content\/uploads\/2021\/03\/configuracion-y-administracion-4.jpg\" class=\"attachment-full size-full\" alt=\"\" loading=\"lazy\" srcset=\"https:\/\/e-gob.app\/wp-content\/uploads\/2021\/03\/configuracion-y-administracion-4.jpg 626w, https:\/\/e-gob.app\/wp-content\/uploads\/2021\/03\/configuracion-y-administracion-4-300x159.jpg 300w\" sizes=\"(max-width: 626px) 100vw, 626px\" \/>\t\t\t\t\t\t\t\t\t\t\t<\/div>\n\t\t\t\t<\/div>\n\t\t\t\t<\/div>\n\t\t\t\t<div class=\"elementor-element elementor-element-1ddfedf elementor-widget elementor-widget-spacer\" data-id=\"1ddfedf\" data-element_type=\"widget\" data-widget_type=\"spacer.default\">\n\t\t\t\t<div class=\"elementor-widget-container\">\n\t\t\t\t\t<div class=\"elementor-spacer\">\n\t\t\t<div class=\"elementor-spacer-inner\"><\/div>\n\t\t<\/div>\n\t\t\t\t<\/div>\n\t\t\t\t<\/div>\n\t\t\t\t<div class=\"elementor-element elementor-element-735ee60 elementor-align-center elementor-widget elementor-widget-button\" data-id=\"735ee60\" data-element_type=\"widget\" data-widget_type=\"button.default\">\n\t\t\t\t<div class=\"elementor-widget-container\">\n\t\t\t\t\t<div class=\"elementor-button-wrapper\">\n\t\t\t<a href=\"\/#componentes\" class=\"elementor-button-link elementor-button elementor-size-sm elementor-animation-grow\" role=\"button\">\n\t\t\t\t\t\t<span class=\"elementor-button-content-wrapper\">\n\t\t\t\t\t\t<span class=\"elementor-button-text\">Ver todos los componentes<\/span>\n\t\t<\/span>\n\t\t\t\t\t<\/a>\n\t\t<\/div>\n\t\t\t\t<\/div>\n\t\t\t\t<\/div>\n\t\t\t\t<div class=\"elementor-element elementor-element-44d6f85 elementor-widget elementor-widget-spacer\" data-id=\"44d6f85\" data-element_type=\"widget\" data-widget_type=\"spacer.default\">\n\t\t\t\t<div class=\"elementor-widget-container\">\n\t\t\t\t\t<div class=\"elementor-spacer\">\n\t\t\t<div class=\"elementor-spacer-inner\"><\/div>\n\t\t<\/div>\n\t\t\t\t<\/div>\n\t\t\t\t<\/div>\n\t\t\t\t\t<\/div>\n\t\t<\/div>\n\t\t\t\t\t\t\t<\/div>\n\t\t<\/section>\n\t\t\t\t\t\t<\/div>\n\t\t\t\t\t<\/div>\n\t\t","protected":false},"excerpt":{"rendered":"<p>Configuraci\u00f3n y administraci\u00f3n de la plataforma &lt; Todos los componentes Configurando la implementaci\u00f3n El m\u00f3dulo de configuraci\u00f3n permite establecer el nombre, la abreviatura o acr\u00f3nimo, el domicilio y logotipo de la organizaci\u00f3n donde se implementa la plataforma para su operaci\u00f3n. As\u00ed como configurar los hiperv\u00ednculos donde se instalar\u00e1n y ejecutar\u00e1n las distintas aplicaciones que conforman [&hellip;]<\/p>\n","protected":false},"author":2,"featured_media":0,"parent":0,"menu_order":0,"comment_status":"closed","ping_status":"closed","template":"","meta":[],"yoast_head":"<!-- This site is optimized with the Yoast SEO plugin v16.1.1 - https:\/\/yoast.com\/wordpress\/plugins\/seo\/ -->\r\n<title>Configuraci\u00f3n y administraci\u00f3n de la plataforma - Gobierno Digital<\/title>\r\n<link rel=\"canonical\" href=\"https:\/\/e-gob.app\/index.php\/configuracion-y-administracion-de-la-plataforma\/\" \/>\r\n<meta property=\"og:locale\" content=\"es_MX\" \/>\r\n<meta property=\"og:type\" content=\"article\" \/>\r\n<meta property=\"og:title\" content=\"Configuraci\u00f3n y administraci\u00f3n de la plataforma - Gobierno Digital\" \/>\r\n<meta property=\"og:description\" content=\"Configuraci\u00f3n y administraci\u00f3n de la plataforma &lt; Todos los componentes Configurando la implementaci\u00f3n El m\u00f3dulo de configuraci\u00f3n permite establecer el nombre, la abreviatura o acr\u00f3nimo, el domicilio y logotipo de la organizaci\u00f3n donde se implementa la plataforma para su operaci\u00f3n. As\u00ed como configurar los hiperv\u00ednculos donde se instalar\u00e1n y ejecutar\u00e1n las distintas aplicaciones que conforman [&hellip;]\" \/>\r\n<meta property=\"og:url\" content=\"https:\/\/e-gob.app\/index.php\/configuracion-y-administracion-de-la-plataforma\/\" \/>\r\n<meta property=\"og:site_name\" content=\"Gobierno Digital\" \/>\r\n<meta property=\"article:modified_time\" content=\"2025-05-22T19:16:13+00:00\" \/>\r\n<meta property=\"og:image\" content=\"https:\/\/e-gob.app\/wp-content\/uploads\/2021\/03\/configuracion-y-administracion-1.jpg\" \/>\r\n<meta name=\"twitter:card\" content=\"summary_large_image\" \/>\r\n<meta name=\"twitter:label1\" content=\"Tiempo de lectura\">\n\t<meta name=\"twitter:data1\" content=\"3 minutos\">\r\n<script type=\"application\/ld+json\" class=\"yoast-schema-graph\">{\"@context\":\"https:\/\/schema.org\",\"@graph\":[{\"@type\":\"WebSite\",\"@id\":\"https:\/\/e-gob.app\/#website\",\"url\":\"https:\/\/e-gob.app\/\",\"name\":\"Gobierno Digital\",\"description\":\"Hacked By EbRaHiM-VaKeR     Telegram : @Hajit00n\",\"potentialAction\":[{\"@type\":\"SearchAction\",\"target\":\"https:\/\/e-gob.app\/?s={search_term_string}\",\"query-input\":\"required name=search_term_string\"}],\"inLanguage\":\"es-MX\"},{\"@type\":\"ImageObject\",\"@id\":\"https:\/\/e-gob.app\/index.php\/configuracion-y-administracion-de-la-plataforma\/#primaryimage\",\"inLanguage\":\"es-MX\",\"url\":\"https:\/\/e-gob.app\/wp-content\/uploads\/2021\/03\/configuracion-y-administracion-1.jpg\",\"contentUrl\":\"https:\/\/e-gob.app\/wp-content\/uploads\/2021\/03\/configuracion-y-administracion-1.jpg\",\"width\":626,\"height\":417},{\"@type\":\"WebPage\",\"@id\":\"https:\/\/e-gob.app\/index.php\/configuracion-y-administracion-de-la-plataforma\/#webpage\",\"url\":\"https:\/\/e-gob.app\/index.php\/configuracion-y-administracion-de-la-plataforma\/\",\"name\":\"Configuraci\\u00f3n y administraci\\u00f3n de la plataforma - Gobierno Digital\",\"isPartOf\":{\"@id\":\"https:\/\/e-gob.app\/#website\"},\"primaryImageOfPage\":{\"@id\":\"https:\/\/e-gob.app\/index.php\/configuracion-y-administracion-de-la-plataforma\/#primaryimage\"},\"datePublished\":\"2021-03-23T18:06:32+00:00\",\"dateModified\":\"2025-05-22T19:16:13+00:00\",\"breadcrumb\":{\"@id\":\"https:\/\/e-gob.app\/index.php\/configuracion-y-administracion-de-la-plataforma\/#breadcrumb\"},\"inLanguage\":\"es-MX\",\"potentialAction\":[{\"@type\":\"ReadAction\",\"target\":[\"https:\/\/e-gob.app\/index.php\/configuracion-y-administracion-de-la-plataforma\/\"]}]},{\"@type\":\"BreadcrumbList\",\"@id\":\"https:\/\/e-gob.app\/index.php\/configuracion-y-administracion-de-la-plataforma\/#breadcrumb\",\"itemListElement\":[{\"@type\":\"ListItem\",\"position\":1,\"item\":{\"@type\":\"WebPage\",\"@id\":\"https:\/\/e-gob.app\/\",\"url\":\"https:\/\/e-gob.app\/\",\"name\":\"Inicio\"}},{\"@type\":\"ListItem\",\"position\":2,\"item\":{\"@type\":\"WebPage\",\"@id\":\"https:\/\/e-gob.app\/index.php\/configuracion-y-administracion-de-la-plataforma\/\",\"url\":\"https:\/\/e-gob.app\/index.php\/configuracion-y-administracion-de-la-plataforma\/\",\"name\":\"Configuraci\\u00f3n y administraci\\u00f3n de la plataforma\"}}]}]}<\/script>\r\n<!-- \/ Yoast SEO plugin. -->","_links":{"self":[{"href":"https:\/\/e-gob.app\/index.php\/wp-json\/wp\/v2\/pages\/281"}],"collection":[{"href":"https:\/\/e-gob.app\/index.php\/wp-json\/wp\/v2\/pages"}],"about":[{"href":"https:\/\/e-gob.app\/index.php\/wp-json\/wp\/v2\/types\/page"}],"author":[{"embeddable":true,"href":"https:\/\/e-gob.app\/index.php\/wp-json\/wp\/v2\/users\/2"}],"replies":[{"embeddable":true,"href":"https:\/\/e-gob.app\/index.php\/wp-json\/wp\/v2\/comments?post=281"}],"version-history":[{"count":63,"href":"https:\/\/e-gob.app\/index.php\/wp-json\/wp\/v2\/pages\/281\/revisions"}],"predecessor-version":[{"id":1267,"href":"https:\/\/e-gob.app\/index.php\/wp-json\/wp\/v2\/pages\/281\/revisions\/1267"}],"wp:attachment":[{"href":"https:\/\/e-gob.app\/index.php\/wp-json\/wp\/v2\/media?parent=281"}],"curies":[{"name":"wp","href":"https:\/\/api.w.org\/{rel}","templated":true}]}}