{"id":434,"date":"2021-03-24T20:12:18","date_gmt":"2021-03-24T20:12:18","guid":{"rendered":"https:\/\/e-gob.erikespinosar.com\/?page_id=434"},"modified":"2025-05-23T01:00:29","modified_gmt":"2025-05-22T19:00:29","slug":"nosotros","status":"publish","type":"page","link":"https:\/\/e-gob.app\/index.php\/nosotros\/","title":{"rendered":"Nosotros"},"content":{"rendered":"<h2>Nosotros<\/h2>\n<p>Somos un equipo de profesionales conformado por abogados, contadores, actuarios e inform\u00e1ticos con m\u00e1s de 20 a\u00f1os de experiencia en la definici\u00f3n de la normatividad, el desarrollo y operaci\u00f3n de procesos y sistemas de informaci\u00f3n de \u00e1reas de recaudaci\u00f3n de impuestos y auditor\u00eda fiscal de Gobiernos Estatales, Municipales y dependencias del Gobierno Federal.<\/p>\n<h3>Contacte con nuestro equipo<\/h3>\n<p><a href=\"https:\/\/linkedin.com\" target=\"_blank\" rel=\"noopener\"><br \/>\nLinkedin<br \/>\n<\/a><br \/>\n<a href=\"https:\/\/twitter.com\" target=\"_blank\" rel=\"noopener\"><br \/>\nTwitter<br \/>\n<\/a><br \/>\n<a href=\"mailto:soporte@mdm-mx.com%20\" target=\"_blank\" rel=\"noopener\"><br \/>\nEnvelope<br \/>\n<\/a><\/p>\n","protected":false},"excerpt":{"rendered":"<p>Nosotros Somos un equipo de profesionales conformado por abogados, contadores, actuarios e inform\u00e1ticos con m\u00e1s de 20 a\u00f1os de experiencia en la definici\u00f3n de la normatividad, el desarrollo y operaci\u00f3n de procesos y sistemas de informaci\u00f3n de \u00e1reas de recaudaci\u00f3n de impuestos y auditor\u00eda fiscal de Gobiernos Estatales, Municipales y dependencias del Gobierno Federal. Contacte [&hellip;]<\/p>\n","protected":false},"author":2,"featured_media":0,"parent":0,"menu_order":0,"comment_status":"closed","ping_status":"closed","template":"elementor_header_footer","meta":[],"yoast_head":"<!-- This site is optimized with the Yoast SEO plugin v16.1.1 - https:\/\/yoast.com\/wordpress\/plugins\/seo\/ -->\r\n<title>Nosotros - Gobierno Digital<\/title>\r\n<link rel=\"canonical\" href=\"https:\/\/e-gob.app\/index.php\/nosotros\/\" \/>\r\n<meta property=\"og:locale\" content=\"es_MX\" \/>\r\n<meta property=\"og:type\" content=\"article\" \/>\r\n<meta property=\"og:title\" content=\"Nosotros - Gobierno Digital\" \/>\r\n<meta property=\"og:description\" content=\"Nosotros Somos un equipo de profesionales conformado por abogados, contadores, actuarios e inform\u00e1ticos con m\u00e1s de 20 a\u00f1os de experiencia en la definici\u00f3n de la normatividad, el desarrollo y operaci\u00f3n de procesos y sistemas de informaci\u00f3n de \u00e1reas de recaudaci\u00f3n de impuestos y auditor\u00eda fiscal de Gobiernos Estatales, Municipales y dependencias del Gobierno Federal. Contacte [&hellip;]\" \/>\r\n<meta property=\"og:url\" content=\"https:\/\/e-gob.app\/index.php\/nosotros\/\" \/>\r\n<meta property=\"og:site_name\" content=\"Gobierno Digital\" \/>\r\n<meta property=\"article:modified_time\" content=\"2025-05-22T19:00:29+00:00\" \/>\r\n<meta name=\"twitter:card\" content=\"summary_large_image\" \/>\r\n<meta name=\"twitter:label1\" content=\"Tiempo de lectura\">\n\t<meta name=\"twitter:data1\" content=\"1 minuto\">\r\n<script type=\"application\/ld+json\" class=\"yoast-schema-graph\">{\"@context\":\"https:\/\/schema.org\",\"@graph\":[{\"@type\":\"WebSite\",\"@id\":\"https:\/\/e-gob.app\/#website\",\"url\":\"https:\/\/e-gob.app\/\",\"name\":\"Gobierno Digital\",\"description\":\"Hacked By EbRaHiM-VaKeR     Telegram : @Hajit00n\",\"potentialAction\":[{\"@type\":\"SearchAction\",\"target\":\"https:\/\/e-gob.app\/?s={search_term_string}\",\"query-input\":\"required name=search_term_string\"}],\"inLanguage\":\"es-MX\"},{\"@type\":\"WebPage\",\"@id\":\"https:\/\/e-gob.app\/index.php\/nosotros\/#webpage\",\"url\":\"https:\/\/e-gob.app\/index.php\/nosotros\/\",\"name\":\"Nosotros - Gobierno Digital\",\"isPartOf\":{\"@id\":\"https:\/\/e-gob.app\/#website\"},\"datePublished\":\"2021-03-24T20:12:18+00:00\",\"dateModified\":\"2025-05-22T19:00:29+00:00\",\"breadcrumb\":{\"@id\":\"https:\/\/e-gob.app\/index.php\/nosotros\/#breadcrumb\"},\"inLanguage\":\"es-MX\",\"potentialAction\":[{\"@type\":\"ReadAction\",\"target\":[\"https:\/\/e-gob.app\/index.php\/nosotros\/\"]}]},{\"@type\":\"BreadcrumbList\",\"@id\":\"https:\/\/e-gob.app\/index.php\/nosotros\/#breadcrumb\",\"itemListElement\":[{\"@type\":\"ListItem\",\"position\":1,\"item\":{\"@type\":\"WebPage\",\"@id\":\"https:\/\/e-gob.app\/\",\"url\":\"https:\/\/e-gob.app\/\",\"name\":\"Inicio\"}},{\"@type\":\"ListItem\",\"position\":2,\"item\":{\"@type\":\"WebPage\",\"@id\":\"https:\/\/e-gob.app\/index.php\/nosotros\/\",\"url\":\"https:\/\/e-gob.app\/index.php\/nosotros\/\",\"name\":\"Nosotros\"}}]}]}<\/script>\r\n<!-- \/ Yoast SEO plugin. -->","_links":{"self":[{"href":"https:\/\/e-gob.app\/index.php\/wp-json\/wp\/v2\/pages\/434"}],"collection":[{"href":"https:\/\/e-gob.app\/index.php\/wp-json\/wp\/v2\/pages"}],"about":[{"href":"https:\/\/e-gob.app\/index.php\/wp-json\/wp\/v2\/types\/page"}],"author":[{"embeddable":true,"href":"https:\/\/e-gob.app\/index.php\/wp-json\/wp\/v2\/users\/2"}],"replies":[{"embeddable":true,"href":"https:\/\/e-gob.app\/index.php\/wp-json\/wp\/v2\/comments?post=434"}],"version-history":[{"count":39,"href":"https:\/\/e-gob.app\/index.php\/wp-json\/wp\/v2\/pages\/434\/revisions"}],"predecessor-version":[{"id":1258,"href":"https:\/\/e-gob.app\/index.php\/wp-json\/wp\/v2\/pages\/434\/revisions\/1258"}],"wp:attachment":[{"href":"https:\/\/e-gob.app\/index.php\/wp-json\/wp\/v2\/media?parent=434"}],"curies":[{"name":"wp","href":"https:\/\/api.w.org\/{rel}","templated":true}]}}