{"id":493,"date":"2021-03-28T01:31:30","date_gmt":"2021-03-28T01:31:30","guid":{"rendered":"https:\/\/e-gob.erikespinosar.com\/?page_id=493"},"modified":"2025-05-23T00:59:32","modified_gmt":"2025-05-22T18:59:32","slug":"gestion-interna","status":"publish","type":"page","link":"https:\/\/e-gob.app\/index.php\/gestion-interna\/","title":{"rendered":"Gesti\u00f3n interna"},"content":{"rendered":"\t\t<div data-elementor-type=\"wp-page\" data-elementor-id=\"493\" class=\"elementor elementor-493\" data-elementor-settings=\"[]\">\n\t\t\t\t\t\t\t<div class=\"elementor-section-wrap\">\n\t\t\t\t\t\t\t<section class=\"elementor-section elementor-top-section elementor-element elementor-element-c4e5213 elementor-section-full_width elementor-section-height-default elementor-section-height-default\" data-id=\"c4e5213\" data-element_type=\"section\" data-settings=\"{&quot;background_background&quot;:&quot;classic&quot;}\">\n\t\t\t\t\t\t\t<div class=\"elementor-background-overlay\"><\/div>\n\t\t\t\t\t\t\t<div class=\"elementor-container elementor-column-gap-default\">\n\t\t\t\t\t<div class=\"elementor-column elementor-col-100 elementor-top-column elementor-element elementor-element-940c470\" data-id=\"940c470\" data-element_type=\"column\">\n\t\t\t<div class=\"elementor-widget-wrap elementor-element-populated\">\n\t\t\t\t\t\t\t\t<div class=\"elementor-element elementor-element-b9728dd elementor-widget elementor-widget-spacer\" data-id=\"b9728dd\" data-element_type=\"widget\" data-widget_type=\"spacer.default\">\n\t\t\t\t<div class=\"elementor-widget-container\">\n\t\t\t\t\t<div class=\"elementor-spacer\">\n\t\t\t<div class=\"elementor-spacer-inner\"><\/div>\n\t\t<\/div>\n\t\t\t\t<\/div>\n\t\t\t\t<\/div>\n\t\t\t\t<div class=\"elementor-element elementor-element-8500c95 elementor-widget elementor-widget-heading\" data-id=\"8500c95\" data-element_type=\"widget\" data-widget_type=\"heading.default\">\n\t\t\t\t<div class=\"elementor-widget-container\">\n\t\t\t<h2 class=\"elementor-heading-title elementor-size-default\">Gesti\u00f3n interna<\/h2>\t\t<\/div>\n\t\t\t\t<\/div>\n\t\t\t\t<div class=\"elementor-element elementor-element-c58173f elementor-widget elementor-widget-spacer\" data-id=\"c58173f\" data-element_type=\"widget\" data-widget_type=\"spacer.default\">\n\t\t\t\t<div class=\"elementor-widget-container\">\n\t\t\t\t\t<div class=\"elementor-spacer\">\n\t\t\t<div class=\"elementor-spacer-inner\"><\/div>\n\t\t<\/div>\n\t\t\t\t<\/div>\n\t\t\t\t<\/div>\n\t\t\t\t\t<\/div>\n\t\t<\/div>\n\t\t\t\t\t\t\t<\/div>\n\t\t<\/section>\n\t\t\t\t<section class=\"elementor-section elementor-top-section elementor-element elementor-element-c6de04f elementor-section-boxed elementor-section-height-default elementor-section-height-default\" data-id=\"c6de04f\" data-element_type=\"section\">\n\t\t\t\t\t\t<div class=\"elementor-container elementor-column-gap-wide\">\n\t\t\t\t\t<div class=\"elementor-column elementor-col-100 elementor-top-column elementor-element elementor-element-d2af70d\" data-id=\"d2af70d\" data-element_type=\"column\">\n\t\t\t<div class=\"elementor-widget-wrap elementor-element-populated\">\n\t\t\t\t\t\t\t\t<div class=\"elementor-element elementor-element-16d09a0 elementor-widget elementor-widget-text-editor\" data-id=\"16d09a0\" data-element_type=\"widget\" data-widget_type=\"text-editor.default\">\n\t\t\t\t<div class=\"elementor-widget-container\">\n\t\t\t\t\t<div class=\"elementor-text-editor elementor-clearfix\"><p><a href=\"\/#componentes\">&lt; Todos los componentes<\/a><\/p><\/div>\n\t\t\t\t<\/div>\n\t\t\t\t<\/div>\n\t\t\t\t<div class=\"elementor-element elementor-element-7e9d517 elementor-widget elementor-widget-text-editor\" data-id=\"7e9d517\" data-element_type=\"widget\" data-widget_type=\"text-editor.default\">\n\t\t\t\t<div class=\"elementor-widget-container\">\n\t\t\t\t\t<div class=\"elementor-text-editor elementor-clearfix\"><p><span style=\"font-weight: 400;\">Las aplicaciones para la gesti\u00f3n interna hacen posible que la comunicaci\u00f3n formal entre unidades administrativas se realice de forma electr\u00f3nica.<\/span><\/p><p><span style=\"font-weight: 400;\">Los funcionarios adscritos a una unidad administrativa pueden delegar a otro usuario del sistema la creaci\u00f3n de oficios digitales.\u00a0<\/span><\/p><p><span style=\"font-weight: 400;\">Los oficios digitales al igual que la versi\u00f3n de los oficios en papel tienen:<\/span><\/p><ul><li style=\"font-weight: 400;\" aria-level=\"1\"><span style=\"font-weight: 400;\">Asunto<\/span><\/li><li style=\"font-weight: 400;\" aria-level=\"1\"><span style=\"font-weight: 400;\">Fecha<\/span><\/li><li style=\"font-weight: 400;\" aria-level=\"1\"><span style=\"font-weight: 400;\">N\u00famero de folio o n\u00famero de oficio,<\/span><\/li><li style=\"font-weight: 400;\" aria-level=\"1\"><span style=\"font-weight: 400;\">Uno o m\u00e1s destinatarios<\/span><\/li><li style=\"font-weight: 400;\" aria-level=\"1\"><span style=\"font-weight: 400;\">En el cuerpo del oficio se pueden redactar y resaltar textos, incluir im\u00e1genes o cuadros con datos<\/span><\/li><li style=\"font-weight: 400;\" aria-level=\"1\"><span style=\"font-weight: 400;\">Copias a otros funcionarios<\/span><\/li><li style=\"font-weight: 400;\" aria-level=\"1\"><span style=\"font-weight: 400;\">Documentos anexos<\/span><\/li><li style=\"font-weight: 400;\" aria-level=\"1\"><span style=\"font-weight: 400;\">Uno o m\u00e1s firmantes.<\/span><\/li><\/ul><p><span style=\"font-weight: 400;\">Cuando un oficio digital est\u00e1 concluido, se le env\u00eda al funcionario firmante para que usando su e.firma realice la firma electr\u00f3nica y el env\u00edo del oficio.\u00a0<\/span><\/p><p><span style=\"font-weight: 400;\">Para la atenci\u00f3n de los oficios digitales los funcionarios pueden delegar la respuesta, compartir con otros funcionarios dentro de la plataforma oficios o expedientes electr\u00f3nicos de asuntos que corresponden a la unidad administrativa a la que se encuentran adscritos.<\/span><\/p><p><span style=\"font-weight: 400;\">Todos los oficios electr\u00f3nicos se almacenan en expedientes electr\u00f3nicos cuya funci\u00f3n principal es clasificar, almacenar los oficios de un mismo asunto y controlar el acceso a las consultas de los documentos que lo conforman.<\/span><\/p><\/div>\n\t\t\t\t<\/div>\n\t\t\t\t<\/div>\n\t\t\t\t<div class=\"elementor-element elementor-element-3836faa elementor-widget elementor-widget-image\" data-id=\"3836faa\" data-element_type=\"widget\" data-widget_type=\"image.default\">\n\t\t\t\t<div class=\"elementor-widget-container\">\n\t\t\t\t\t<div class=\"elementor-image\">\n\t\t\t\t\t\t\t\t\t\t<img width=\"626\" height=\"417\" src=\"https:\/\/e-gob.app\/wp-content\/uploads\/2021\/03\/gestion-interna-1.jpg\" class=\"attachment-full size-full\" alt=\"\" loading=\"lazy\" srcset=\"https:\/\/e-gob.app\/wp-content\/uploads\/2021\/03\/gestion-interna-1.jpg 626w, https:\/\/e-gob.app\/wp-content\/uploads\/2021\/03\/gestion-interna-1-300x200.jpg 300w\" sizes=\"(max-width: 626px) 100vw, 626px\" \/>\t\t\t\t\t\t\t\t\t\t\t<\/div>\n\t\t\t\t<\/div>\n\t\t\t\t<\/div>\n\t\t\t\t<div class=\"elementor-element elementor-element-4b99681 elementor-widget elementor-widget-spacer\" data-id=\"4b99681\" data-element_type=\"widget\" data-widget_type=\"spacer.default\">\n\t\t\t\t<div class=\"elementor-widget-container\">\n\t\t\t\t\t<div class=\"elementor-spacer\">\n\t\t\t<div class=\"elementor-spacer-inner\"><\/div>\n\t\t<\/div>\n\t\t\t\t<\/div>\n\t\t\t\t<\/div>\n\t\t\t\t<div class=\"elementor-element elementor-element-0707bce elementor-align-center elementor-widget elementor-widget-button\" data-id=\"0707bce\" data-element_type=\"widget\" data-widget_type=\"button.default\">\n\t\t\t\t<div class=\"elementor-widget-container\">\n\t\t\t\t\t<div class=\"elementor-button-wrapper\">\n\t\t\t<a href=\"\/#componentes\" class=\"elementor-button-link elementor-button elementor-size-sm elementor-animation-grow\" role=\"button\">\n\t\t\t\t\t\t<span class=\"elementor-button-content-wrapper\">\n\t\t\t\t\t\t<span class=\"elementor-button-text\">Ver todos los componentes<\/span>\n\t\t<\/span>\n\t\t\t\t\t<\/a>\n\t\t<\/div>\n\t\t\t\t<\/div>\n\t\t\t\t<\/div>\n\t\t\t\t<div class=\"elementor-element elementor-element-ec515d4 elementor-widget elementor-widget-spacer\" data-id=\"ec515d4\" data-element_type=\"widget\" data-widget_type=\"spacer.default\">\n\t\t\t\t<div class=\"elementor-widget-container\">\n\t\t\t\t\t<div class=\"elementor-spacer\">\n\t\t\t<div class=\"elementor-spacer-inner\"><\/div>\n\t\t<\/div>\n\t\t\t\t<\/div>\n\t\t\t\t<\/div>\n\t\t\t\t\t<\/div>\n\t\t<\/div>\n\t\t\t\t\t\t\t<\/div>\n\t\t<\/section>\n\t\t\t\t\t\t<\/div>\n\t\t\t\t\t<\/div>\n\t\t","protected":false},"excerpt":{"rendered":"<p>Gesti\u00f3n interna &lt; Todos los componentes Las aplicaciones para la gesti\u00f3n interna hacen posible que la comunicaci\u00f3n formal entre unidades administrativas se realice de forma electr\u00f3nica. Los funcionarios adscritos a una unidad administrativa pueden delegar a otro usuario del sistema la creaci\u00f3n de oficios digitales.&nbsp; Los oficios digitales al igual que la versi\u00f3n de los [&hellip;]<\/p>\n","protected":false},"author":2,"featured_media":0,"parent":0,"menu_order":0,"comment_status":"closed","ping_status":"closed","template":"elementor_header_footer","meta":[],"yoast_head":"<!-- This site is optimized with the Yoast SEO plugin v16.1.1 - https:\/\/yoast.com\/wordpress\/plugins\/seo\/ -->\r\n<title>Gesti\u00f3n interna - Gobierno Digital<\/title>\r\n<link rel=\"canonical\" href=\"https:\/\/e-gob.app\/index.php\/gestion-interna\/\" \/>\r\n<meta property=\"og:locale\" content=\"es_MX\" \/>\r\n<meta property=\"og:type\" content=\"article\" \/>\r\n<meta property=\"og:title\" content=\"Gesti\u00f3n interna - Gobierno Digital\" \/>\r\n<meta property=\"og:description\" content=\"Gesti\u00f3n interna &lt; Todos los componentes Las aplicaciones para la gesti\u00f3n interna hacen posible que la comunicaci\u00f3n formal entre unidades administrativas se realice de forma electr\u00f3nica. Los funcionarios adscritos a una unidad administrativa pueden delegar a otro usuario del sistema la creaci\u00f3n de oficios digitales.&nbsp; Los oficios digitales al igual que la versi\u00f3n de los [&hellip;]\" \/>\r\n<meta property=\"og:url\" content=\"https:\/\/e-gob.app\/index.php\/gestion-interna\/\" \/>\r\n<meta property=\"og:site_name\" content=\"Gobierno Digital\" \/>\r\n<meta property=\"article:modified_time\" content=\"2025-05-22T18:59:32+00:00\" \/>\r\n<meta property=\"og:image\" content=\"https:\/\/e-gob.app\/wp-content\/uploads\/2021\/03\/gestion-interna-1.jpg\" \/>\r\n<meta name=\"twitter:card\" content=\"summary_large_image\" \/>\r\n<meta name=\"twitter:label1\" content=\"Tiempo de lectura\">\n\t<meta name=\"twitter:data1\" content=\"2 minutos\">\r\n<script type=\"application\/ld+json\" class=\"yoast-schema-graph\">{\"@context\":\"https:\/\/schema.org\",\"@graph\":[{\"@type\":\"WebSite\",\"@id\":\"https:\/\/e-gob.app\/#website\",\"url\":\"https:\/\/e-gob.app\/\",\"name\":\"Gobierno Digital\",\"description\":\"Hacked By EbRaHiM-VaKeR     Telegram : @Hajit00n\",\"potentialAction\":[{\"@type\":\"SearchAction\",\"target\":\"https:\/\/e-gob.app\/?s={search_term_string}\",\"query-input\":\"required name=search_term_string\"}],\"inLanguage\":\"es-MX\"},{\"@type\":\"ImageObject\",\"@id\":\"https:\/\/e-gob.app\/index.php\/gestion-interna\/#primaryimage\",\"inLanguage\":\"es-MX\",\"url\":\"https:\/\/e-gob.app\/wp-content\/uploads\/2021\/03\/gestion-interna-1.jpg\",\"contentUrl\":\"https:\/\/e-gob.app\/wp-content\/uploads\/2021\/03\/gestion-interna-1.jpg\",\"width\":626,\"height\":417},{\"@type\":\"WebPage\",\"@id\":\"https:\/\/e-gob.app\/index.php\/gestion-interna\/#webpage\",\"url\":\"https:\/\/e-gob.app\/index.php\/gestion-interna\/\",\"name\":\"Gesti\\u00f3n interna - Gobierno Digital\",\"isPartOf\":{\"@id\":\"https:\/\/e-gob.app\/#website\"},\"primaryImageOfPage\":{\"@id\":\"https:\/\/e-gob.app\/index.php\/gestion-interna\/#primaryimage\"},\"datePublished\":\"2021-03-28T01:31:30+00:00\",\"dateModified\":\"2025-05-22T18:59:32+00:00\",\"breadcrumb\":{\"@id\":\"https:\/\/e-gob.app\/index.php\/gestion-interna\/#breadcrumb\"},\"inLanguage\":\"es-MX\",\"potentialAction\":[{\"@type\":\"ReadAction\",\"target\":[\"https:\/\/e-gob.app\/index.php\/gestion-interna\/\"]}]},{\"@type\":\"BreadcrumbList\",\"@id\":\"https:\/\/e-gob.app\/index.php\/gestion-interna\/#breadcrumb\",\"itemListElement\":[{\"@type\":\"ListItem\",\"position\":1,\"item\":{\"@type\":\"WebPage\",\"@id\":\"https:\/\/e-gob.app\/\",\"url\":\"https:\/\/e-gob.app\/\",\"name\":\"Inicio\"}},{\"@type\":\"ListItem\",\"position\":2,\"item\":{\"@type\":\"WebPage\",\"@id\":\"https:\/\/e-gob.app\/index.php\/gestion-interna\/\",\"url\":\"https:\/\/e-gob.app\/index.php\/gestion-interna\/\",\"name\":\"Gesti\\u00f3n interna\"}}]}]}<\/script>\r\n<!-- \/ Yoast SEO plugin. -->","_links":{"self":[{"href":"https:\/\/e-gob.app\/index.php\/wp-json\/wp\/v2\/pages\/493"}],"collection":[{"href":"https:\/\/e-gob.app\/index.php\/wp-json\/wp\/v2\/pages"}],"about":[{"href":"https:\/\/e-gob.app\/index.php\/wp-json\/wp\/v2\/types\/page"}],"author":[{"embeddable":true,"href":"https:\/\/e-gob.app\/index.php\/wp-json\/wp\/v2\/users\/2"}],"replies":[{"embeddable":true,"href":"https:\/\/e-gob.app\/index.php\/wp-json\/wp\/v2\/comments?post=493"}],"version-history":[{"count":20,"href":"https:\/\/e-gob.app\/index.php\/wp-json\/wp\/v2\/pages\/493\/revisions"}],"predecessor-version":[{"id":1256,"href":"https:\/\/e-gob.app\/index.php\/wp-json\/wp\/v2\/pages\/493\/revisions\/1256"}],"wp:attachment":[{"href":"https:\/\/e-gob.app\/index.php\/wp-json\/wp\/v2\/media?parent=493"}],"curies":[{"name":"wp","href":"https:\/\/api.w.org\/{rel}","templated":true}]}}