{"id":520,"date":"2021-03-28T01:41:15","date_gmt":"2021-03-28T01:41:15","guid":{"rendered":"https:\/\/e-gob.erikespinosar.com\/?page_id=520"},"modified":"2025-05-23T01:05:44","modified_gmt":"2025-05-22T19:05:44","slug":"operacion-recaudatoria","status":"publish","type":"page","link":"https:\/\/e-gob.app\/index.php\/operacion-recaudatoria\/","title":{"rendered":"Operaci\u00f3n recaudatoria"},"content":{"rendered":"\t\t<div data-elementor-type=\"wp-page\" data-elementor-id=\"520\" class=\"elementor elementor-520\" data-elementor-settings=\"[]\">\n\t\t\t\t\t\t\t<div class=\"elementor-section-wrap\">\n\t\t\t\t\t\t\t<section class=\"elementor-section elementor-top-section elementor-element elementor-element-5befa13 elementor-section-full_width elementor-section-height-default elementor-section-height-default\" data-id=\"5befa13\" data-element_type=\"section\" data-settings=\"{&quot;background_background&quot;:&quot;classic&quot;}\">\n\t\t\t\t\t\t\t<div class=\"elementor-background-overlay\"><\/div>\n\t\t\t\t\t\t\t<div class=\"elementor-container elementor-column-gap-default\">\n\t\t\t\t\t<div class=\"elementor-column elementor-col-100 elementor-top-column elementor-element elementor-element-3a0812b\" data-id=\"3a0812b\" data-element_type=\"column\">\n\t\t\t<div class=\"elementor-widget-wrap elementor-element-populated\">\n\t\t\t\t\t\t\t\t<div class=\"elementor-element elementor-element-4d665a5 elementor-widget elementor-widget-spacer\" data-id=\"4d665a5\" data-element_type=\"widget\" data-widget_type=\"spacer.default\">\n\t\t\t\t<div class=\"elementor-widget-container\">\n\t\t\t\t\t<div class=\"elementor-spacer\">\n\t\t\t<div class=\"elementor-spacer-inner\"><\/div>\n\t\t<\/div>\n\t\t\t\t<\/div>\n\t\t\t\t<\/div>\n\t\t\t\t<div class=\"elementor-element elementor-element-85a7cde elementor-widget elementor-widget-heading\" data-id=\"85a7cde\" data-element_type=\"widget\" data-widget_type=\"heading.default\">\n\t\t\t\t<div class=\"elementor-widget-container\">\n\t\t\t<h2 class=\"elementor-heading-title elementor-size-default\">Operaci\u00f3n recaudatoria<\/h2>\t\t<\/div>\n\t\t\t\t<\/div>\n\t\t\t\t<div class=\"elementor-element elementor-element-8ec2928 elementor-widget elementor-widget-spacer\" data-id=\"8ec2928\" data-element_type=\"widget\" data-widget_type=\"spacer.default\">\n\t\t\t\t<div class=\"elementor-widget-container\">\n\t\t\t\t\t<div class=\"elementor-spacer\">\n\t\t\t<div class=\"elementor-spacer-inner\"><\/div>\n\t\t<\/div>\n\t\t\t\t<\/div>\n\t\t\t\t<\/div>\n\t\t\t\t\t<\/div>\n\t\t<\/div>\n\t\t\t\t\t\t\t<\/div>\n\t\t<\/section>\n\t\t\t\t<section class=\"elementor-section elementor-top-section elementor-element elementor-element-e062a39 elementor-section-boxed elementor-section-height-default elementor-section-height-default\" data-id=\"e062a39\" data-element_type=\"section\">\n\t\t\t\t\t\t<div class=\"elementor-container elementor-column-gap-wide\">\n\t\t\t\t\t<div class=\"elementor-column elementor-col-100 elementor-top-column elementor-element elementor-element-10704ea\" data-id=\"10704ea\" data-element_type=\"column\">\n\t\t\t<div class=\"elementor-widget-wrap elementor-element-populated\">\n\t\t\t\t\t\t\t\t<div class=\"elementor-element elementor-element-339ebb8 elementor-widget elementor-widget-text-editor\" data-id=\"339ebb8\" data-element_type=\"widget\" data-widget_type=\"text-editor.default\">\n\t\t\t\t<div class=\"elementor-widget-container\">\n\t\t\t\t\t<div class=\"elementor-text-editor elementor-clearfix\"><p><a href=\"\/#componentes\">&lt; Todos los componentes<\/a><\/p><\/div>\n\t\t\t\t<\/div>\n\t\t\t\t<\/div>\n\t\t\t\t<div class=\"elementor-element elementor-element-0a250e5 elementor-widget elementor-widget-heading\" data-id=\"0a250e5\" data-element_type=\"widget\" data-widget_type=\"heading.default\">\n\t\t\t\t<div class=\"elementor-widget-container\">\n\t\t\t<h3 class=\"elementor-heading-title elementor-size-default\">Fuentes de informaci\u00f3n<\/h3>\t\t<\/div>\n\t\t\t\t<\/div>\n\t\t\t\t<div class=\"elementor-element elementor-element-3ec84e0 elementor-widget elementor-widget-text-editor\" data-id=\"3ec84e0\" data-element_type=\"widget\" data-widget_type=\"text-editor.default\">\n\t\t\t\t<div class=\"elementor-widget-container\">\n\t\t\t\t\t<div class=\"elementor-text-editor elementor-clearfix\"><p><span style=\"font-weight: 400;\">La plataforma cuenta con un grupo de aplicaciones que administran una fuente \u00fanica de informaci\u00f3n de:<\/span><\/p><ul><li style=\"font-weight: 400;\" aria-level=\"1\"><span style=\"font-weight: 400;\">Sujetos obligados (contribuyentes y ciudadanos)\u00a0<\/span><\/li><li style=\"font-weight: 400;\" aria-level=\"1\"><span style=\"font-weight: 400;\">Cat\u00e1logo de impuestos y derechos<\/span><\/li><li style=\"font-weight: 400;\" aria-level=\"1\"><span style=\"font-weight: 400;\">Cuentas de servicios u otro tipo de pagos como cuentas del agua, predial, placas de autom\u00f3viles, etc.<\/span><\/li><li style=\"font-weight: 400;\" aria-level=\"1\"><span style=\"font-weight: 400;\">Seguimiento al cumplimiento de obligaciones<\/span><\/li><li style=\"font-weight: 400;\" aria-level=\"1\"><span style=\"font-weight: 400;\">Actos administrativos\u00a0<\/span><\/li><li style=\"font-weight: 400;\" aria-level=\"1\"><span style=\"font-weight: 400;\">Revisiones de auditor\u00edas<\/span><\/li><li style=\"font-weight: 400;\" aria-level=\"1\"><span style=\"font-weight: 400;\">Tr\u00e1mites<\/span><\/li><\/ul><\/div>\n\t\t\t\t<\/div>\n\t\t\t\t<\/div>\n\t\t\t\t<div class=\"elementor-element elementor-element-8f32d77 elementor-widget elementor-widget-image\" data-id=\"8f32d77\" data-element_type=\"widget\" data-widget_type=\"image.default\">\n\t\t\t\t<div class=\"elementor-widget-container\">\n\t\t\t\t\t<div class=\"elementor-image\">\n\t\t\t\t\t\t\t\t\t\t<img width=\"626\" height=\"417\" src=\"https:\/\/e-gob.app\/wp-content\/uploads\/2021\/03\/operacion-recaudatoria-1.jpg\" class=\"attachment-full size-full\" alt=\"\" loading=\"lazy\" srcset=\"https:\/\/e-gob.app\/wp-content\/uploads\/2021\/03\/operacion-recaudatoria-1.jpg 626w, https:\/\/e-gob.app\/wp-content\/uploads\/2021\/03\/operacion-recaudatoria-1-300x200.jpg 300w\" sizes=\"(max-width: 626px) 100vw, 626px\" \/>\t\t\t\t\t\t\t\t\t\t\t<\/div>\n\t\t\t\t<\/div>\n\t\t\t\t<\/div>\n\t\t\t\t<div class=\"elementor-element elementor-element-c09fd8e elementor-widget elementor-widget-spacer\" data-id=\"c09fd8e\" data-element_type=\"widget\" data-widget_type=\"spacer.default\">\n\t\t\t\t<div class=\"elementor-widget-container\">\n\t\t\t\t\t<div class=\"elementor-spacer\">\n\t\t\t<div class=\"elementor-spacer-inner\"><\/div>\n\t\t<\/div>\n\t\t\t\t<\/div>\n\t\t\t\t<\/div>\n\t\t\t\t<div class=\"elementor-element elementor-element-8bc95b8 elementor-widget elementor-widget-heading\" data-id=\"8bc95b8\" data-element_type=\"widget\" data-widget_type=\"heading.default\">\n\t\t\t\t<div class=\"elementor-widget-container\">\n\t\t\t<h3 class=\"elementor-heading-title elementor-size-default\">Vigilar el cumplimiento de obligaciones<\/h3>\t\t<\/div>\n\t\t\t\t<\/div>\n\t\t\t\t<div class=\"elementor-element elementor-element-a96ddfc elementor-widget elementor-widget-text-editor\" data-id=\"a96ddfc\" data-element_type=\"widget\" data-widget_type=\"text-editor.default\">\n\t\t\t\t<div class=\"elementor-widget-container\">\n\t\t\t\t\t<div class=\"elementor-text-editor elementor-clearfix\"><p><span style=\"font-weight: 400;\">Mediante esta aplicaci\u00f3n los funcionarios responsables pueden cargar informaci\u00f3n de los pagos asociados a las contribuciones.\u00a0<\/span><\/p><p><span style=\"font-weight: 400;\">Tambi\u00e9n pueden hacer an\u00e1lisis de periodos y ejercicios de pago para identificar contribuyentes con omisiones en el pago de sus obligaciones fiscales.<\/span><\/p><\/div>\n\t\t\t\t<\/div>\n\t\t\t\t<\/div>\n\t\t\t\t<div class=\"elementor-element elementor-element-bf26a93 elementor-widget elementor-widget-image\" data-id=\"bf26a93\" data-element_type=\"widget\" data-widget_type=\"image.default\">\n\t\t\t\t<div class=\"elementor-widget-container\">\n\t\t\t\t\t<div class=\"elementor-image\">\n\t\t\t\t\t\t\t\t\t\t<img width=\"626\" height=\"417\" src=\"https:\/\/e-gob.app\/wp-content\/uploads\/2021\/03\/operacion-recaudatoria-2.jpg\" class=\"attachment-full size-full\" alt=\"\" loading=\"lazy\" srcset=\"https:\/\/e-gob.app\/wp-content\/uploads\/2021\/03\/operacion-recaudatoria-2.jpg 626w, https:\/\/e-gob.app\/wp-content\/uploads\/2021\/03\/operacion-recaudatoria-2-300x200.jpg 300w\" sizes=\"(max-width: 626px) 100vw, 626px\" \/>\t\t\t\t\t\t\t\t\t\t\t<\/div>\n\t\t\t\t<\/div>\n\t\t\t\t<\/div>\n\t\t\t\t<div class=\"elementor-element elementor-element-4bfdd0b elementor-widget elementor-widget-spacer\" data-id=\"4bfdd0b\" data-element_type=\"widget\" data-widget_type=\"spacer.default\">\n\t\t\t\t<div class=\"elementor-widget-container\">\n\t\t\t\t\t<div class=\"elementor-spacer\">\n\t\t\t<div class=\"elementor-spacer-inner\"><\/div>\n\t\t<\/div>\n\t\t\t\t<\/div>\n\t\t\t\t<\/div>\n\t\t\t\t<div class=\"elementor-element elementor-element-42f2976 elementor-widget elementor-widget-heading\" data-id=\"42f2976\" data-element_type=\"widget\" data-widget_type=\"heading.default\">\n\t\t\t\t<div class=\"elementor-widget-container\">\n\t\t\t<h3 class=\"elementor-heading-title elementor-size-default\">Generar actos administrativos para solicitar el pago de contribuciones<\/h3>\t\t<\/div>\n\t\t\t\t<\/div>\n\t\t\t\t<div class=\"elementor-element elementor-element-3523387 elementor-widget elementor-widget-text-editor\" data-id=\"3523387\" data-element_type=\"widget\" data-widget_type=\"text-editor.default\">\n\t\t\t\t<div class=\"elementor-widget-container\">\n\t\t\t\t\t<div class=\"elementor-text-editor elementor-clearfix\"><p><span style=\"font-weight: 400;\">Una vez identificados los contribuyentes con omisiones en los pagos mediante la aplicaci\u00f3n para la generaci\u00f3n de actos administrativos se pueden generar, por ejemplo:<\/span><\/p><ul><li style=\"font-weight: 400;\" aria-level=\"1\"><span style=\"font-weight: 400;\">Recibos de pago\u00a0<\/span><\/li><li style=\"font-weight: 400;\" aria-level=\"1\"><span style=\"font-weight: 400;\">Cartas invitaci\u00f3n para el pago de adeudos<\/span><\/li><li style=\"font-weight: 400;\" aria-level=\"1\"><span style=\"font-weight: 400;\">Cartas exhortos<\/span><\/li><li style=\"font-weight: 400;\" aria-level=\"1\"><span style=\"font-weight: 400;\">Requerimientos para el cumplimiento de obligaciones omisas<\/span><\/li><li style=\"font-weight: 400;\" aria-level=\"1\"><span style=\"font-weight: 400;\">Multas<\/span><\/li><\/ul><p><span style=\"font-weight: 400;\">Los actos administrativos pueden firmarse de forma electr\u00f3nica con la e.firma de los funcionarios competentes.<\/span><\/p><\/div>\n\t\t\t\t<\/div>\n\t\t\t\t<\/div>\n\t\t\t\t<div class=\"elementor-element elementor-element-6c22203 elementor-widget elementor-widget-image\" data-id=\"6c22203\" data-element_type=\"widget\" data-widget_type=\"image.default\">\n\t\t\t\t<div class=\"elementor-widget-container\">\n\t\t\t\t\t<div class=\"elementor-image\">\n\t\t\t\t\t\t\t\t\t\t<img width=\"626\" height=\"417\" src=\"https:\/\/e-gob.app\/wp-content\/uploads\/2021\/03\/operacion-recaudatoria-3.jpg\" class=\"attachment-full size-full\" alt=\"\" loading=\"lazy\" srcset=\"https:\/\/e-gob.app\/wp-content\/uploads\/2021\/03\/operacion-recaudatoria-3.jpg 626w, https:\/\/e-gob.app\/wp-content\/uploads\/2021\/03\/operacion-recaudatoria-3-300x200.jpg 300w\" sizes=\"(max-width: 626px) 100vw, 626px\" \/>\t\t\t\t\t\t\t\t\t\t\t<\/div>\n\t\t\t\t<\/div>\n\t\t\t\t<\/div>\n\t\t\t\t<div class=\"elementor-element elementor-element-4acc8a2 elementor-widget elementor-widget-spacer\" data-id=\"4acc8a2\" data-element_type=\"widget\" data-widget_type=\"spacer.default\">\n\t\t\t\t<div class=\"elementor-widget-container\">\n\t\t\t\t\t<div class=\"elementor-spacer\">\n\t\t\t<div class=\"elementor-spacer-inner\"><\/div>\n\t\t<\/div>\n\t\t\t\t<\/div>\n\t\t\t\t<\/div>\n\t\t\t\t<div class=\"elementor-element elementor-element-96c37f6 elementor-widget elementor-widget-heading\" data-id=\"96c37f6\" data-element_type=\"widget\" data-widget_type=\"heading.default\">\n\t\t\t\t<div class=\"elementor-widget-container\">\n\t\t\t<h3 class=\"elementor-heading-title elementor-size-default\">Seguimiento de la notificaci\u00f3n<\/h3>\t\t<\/div>\n\t\t\t\t<\/div>\n\t\t\t\t<div class=\"elementor-element elementor-element-5c58550 elementor-widget elementor-widget-text-editor\" data-id=\"5c58550\" data-element_type=\"widget\" data-widget_type=\"text-editor.default\">\n\t\t\t\t<div class=\"elementor-widget-container\">\n\t\t\t\t\t<div class=\"elementor-text-editor elementor-clearfix\"><p><span style=\"font-weight: 400;\">Para la notificaci\u00f3n de los actos administrativos firmados previamente, la plataforma cuenta con dos aplicaciones para el seguimiento de la notificaci\u00f3n:<\/span><\/p><ul><li style=\"font-weight: 400;\" aria-level=\"1\"><span style=\"font-weight: 400;\">La notificaci\u00f3n personal<\/span><\/li><\/ul><p><span style=\"font-weight: 400;\">El sistema controla desde los documentos a notificar, el proceso de asignaci\u00f3n de las cargas de trabajo al personal de notificaci\u00f3n, la recepci\u00f3n de documentos notificados, la captura de resultados, la supervisi\u00f3n de los resultados de la notificaci\u00f3n y hasta la generaci\u00f3n de expedientes electr\u00f3nicos de la notificaci\u00f3n.\u00a0<\/span><\/p><p><span style=\"font-weight: 400;\">La aplicaci\u00f3n de seguimiento a las notificaciones personales es una herramienta altamente configurable que se adapta a las necesidades de la operaci\u00f3n, por ejemplo, permite crear una o varias oficinas de notificaci\u00f3n en una o m\u00e1s unidades administrativas, y para cada oficina de notificaci\u00f3n se puede parametrizar el tipo de notificaci\u00f3n, la circunscripci\u00f3n geogr\u00e1fica, tipos de actos administrativos entre otros.<\/span><\/p><ul><li style=\"font-weight: 400;\" aria-level=\"1\"><span style=\"font-weight: 400;\">La notificaci\u00f3n mediante buz\u00f3n fiscal estatal<\/span><\/li><\/ul><p><span style=\"font-weight: 400;\">Para aquellos contribuyentes que tienen habilitado su buz\u00f3n fiscal la notificaci\u00f3n se realiza por este medio. El buz\u00f3n\u00a0 genera un acuse de la notificaci\u00f3n realizada, as\u00ed como los datos de la fecha que se efectu\u00f3 la notificaci\u00f3n y la fecha en que el acto administrativo surte efectos legales.<\/span><\/p><\/div>\n\t\t\t\t<\/div>\n\t\t\t\t<\/div>\n\t\t\t\t<div class=\"elementor-element elementor-element-776d437 elementor-widget elementor-widget-image\" data-id=\"776d437\" data-element_type=\"widget\" data-widget_type=\"image.default\">\n\t\t\t\t<div class=\"elementor-widget-container\">\n\t\t\t\t\t<div class=\"elementor-image\">\n\t\t\t\t\t\t\t\t\t\t<img width=\"626\" height=\"398\" src=\"https:\/\/e-gob.app\/wp-content\/uploads\/2021\/03\/operacion-recaudatoria-4.jpg\" class=\"attachment-full size-full\" alt=\"\" loading=\"lazy\" srcset=\"https:\/\/e-gob.app\/wp-content\/uploads\/2021\/03\/operacion-recaudatoria-4.jpg 626w, https:\/\/e-gob.app\/wp-content\/uploads\/2021\/03\/operacion-recaudatoria-4-300x191.jpg 300w\" sizes=\"(max-width: 626px) 100vw, 626px\" \/>\t\t\t\t\t\t\t\t\t\t\t<\/div>\n\t\t\t\t<\/div>\n\t\t\t\t<\/div>\n\t\t\t\t<div class=\"elementor-element elementor-element-73ffd6b elementor-widget elementor-widget-spacer\" data-id=\"73ffd6b\" data-element_type=\"widget\" data-widget_type=\"spacer.default\">\n\t\t\t\t<div class=\"elementor-widget-container\">\n\t\t\t\t\t<div class=\"elementor-spacer\">\n\t\t\t<div class=\"elementor-spacer-inner\"><\/div>\n\t\t<\/div>\n\t\t\t\t<\/div>\n\t\t\t\t<\/div>\n\t\t\t\t<div class=\"elementor-element elementor-element-e9569a7 elementor-widget elementor-widget-heading\" data-id=\"e9569a7\" data-element_type=\"widget\" data-widget_type=\"heading.default\">\n\t\t\t\t<div class=\"elementor-widget-container\">\n\t\t\t<h3 class=\"elementor-heading-title elementor-size-default\">Seguimiento de auditor\u00edas<\/h3>\t\t<\/div>\n\t\t\t\t<\/div>\n\t\t\t\t<div class=\"elementor-element elementor-element-6bef77e elementor-widget elementor-widget-text-editor\" data-id=\"6bef77e\" data-element_type=\"widget\" data-widget_type=\"text-editor.default\">\n\t\t\t\t<div class=\"elementor-widget-container\">\n\t\t\t\t\t<div class=\"elementor-text-editor elementor-clearfix\"><p><span style=\"font-weight: 400;\">La plataforma automatiza el seguimiento de las auditor\u00edas desde las propuestas hasta la finalizaci\u00f3n de los mismos. El sistema da seguimiento a los plazos de cada acto administrativo dentro de la revisi\u00f3n, genera expediente electr\u00f3nico de la revisi\u00f3n y de cada acto administrativo, se pueden registrar seguimientos de revisiones de gabinete, visitas domiciliarias o cartas invitaci\u00f3n. Los actos administrativos que se generan se pueden notificar de forma personal y por el buz\u00f3n fiscal estatal para aquellos contribuyentes que lo tengan habilitado.<\/span><\/p><\/div>\n\t\t\t\t<\/div>\n\t\t\t\t<\/div>\n\t\t\t\t<div class=\"elementor-element elementor-element-469da9c elementor-widget elementor-widget-image\" data-id=\"469da9c\" data-element_type=\"widget\" data-widget_type=\"image.default\">\n\t\t\t\t<div class=\"elementor-widget-container\">\n\t\t\t\t\t<div class=\"elementor-image\">\n\t\t\t\t\t\t\t\t\t\t<img width=\"626\" height=\"417\" src=\"https:\/\/e-gob.app\/wp-content\/uploads\/2021\/03\/operacion-recaudatoria-5.jpg\" class=\"attachment-full size-full\" alt=\"\" loading=\"lazy\" srcset=\"https:\/\/e-gob.app\/wp-content\/uploads\/2021\/03\/operacion-recaudatoria-5.jpg 626w, https:\/\/e-gob.app\/wp-content\/uploads\/2021\/03\/operacion-recaudatoria-5-300x200.jpg 300w\" sizes=\"(max-width: 626px) 100vw, 626px\" \/>\t\t\t\t\t\t\t\t\t\t\t<\/div>\n\t\t\t\t<\/div>\n\t\t\t\t<\/div>\n\t\t\t\t<div class=\"elementor-element elementor-element-379678c elementor-widget elementor-widget-spacer\" data-id=\"379678c\" data-element_type=\"widget\" data-widget_type=\"spacer.default\">\n\t\t\t\t<div class=\"elementor-widget-container\">\n\t\t\t\t\t<div class=\"elementor-spacer\">\n\t\t\t<div class=\"elementor-spacer-inner\"><\/div>\n\t\t<\/div>\n\t\t\t\t<\/div>\n\t\t\t\t<\/div>\n\t\t\t\t<div class=\"elementor-element elementor-element-878c75a elementor-widget elementor-widget-heading\" data-id=\"878c75a\" data-element_type=\"widget\" data-widget_type=\"heading.default\">\n\t\t\t\t<div class=\"elementor-widget-container\">\n\t\t\t<h3 class=\"elementor-heading-title elementor-size-default\">Atenci\u00f3n de tr\u00e1mites enviados por los contribuyentes.<\/h3>\t\t<\/div>\n\t\t\t\t<\/div>\n\t\t\t\t<div class=\"elementor-element elementor-element-7a77f39 elementor-widget elementor-widget-text-editor\" data-id=\"7a77f39\" data-element_type=\"widget\" data-widget_type=\"text-editor.default\">\n\t\t\t\t<div class=\"elementor-widget-container\">\n\t\t\t\t\t<div class=\"elementor-text-editor elementor-clearfix\"><p><span style=\"font-weight: 400;\">Los diferentes tipos de tr\u00e1mites que los contribuyentes env\u00edan se almacenan en un repositorio \u00fanico\u00a0 para que los empleados adscritos de las unidades administrativas los atiendan mediante el sistema de atenci\u00f3n de tr\u00e1mites. El sistema se adapta a las necesidades de la operaci\u00f3n para que las \u00e1reas responsables accedan a la informaci\u00f3n dependiendo de sus facultades mediante la parametrizaci\u00f3n por tipo de tr\u00e1mite, tipo de impuesto o \u00e1rea geogr\u00e1fica.<\/span><\/p><p><span style=\"font-weight: 400;\">Dependiendo del tipo de tr\u00e1mite y su configuraci\u00f3n, las respuestas a los contribuyentes pueden ser firmadas electr\u00f3nicamente y notificadas por el buz\u00f3n fiscal o de forma personal.<\/span><\/p><\/div>\n\t\t\t\t<\/div>\n\t\t\t\t<\/div>\n\t\t\t\t<div class=\"elementor-element elementor-element-46e26e1 elementor-widget elementor-widget-image\" data-id=\"46e26e1\" data-element_type=\"widget\" data-widget_type=\"image.default\">\n\t\t\t\t<div class=\"elementor-widget-container\">\n\t\t\t\t\t<div class=\"elementor-image\">\n\t\t\t\t\t\t\t\t\t\t<img width=\"626\" height=\"417\" src=\"https:\/\/e-gob.app\/wp-content\/uploads\/2021\/03\/operacion-recaudatoria-6.jpg\" class=\"attachment-full size-full\" alt=\"\" loading=\"lazy\" srcset=\"https:\/\/e-gob.app\/wp-content\/uploads\/2021\/03\/operacion-recaudatoria-6.jpg 626w, https:\/\/e-gob.app\/wp-content\/uploads\/2021\/03\/operacion-recaudatoria-6-300x200.jpg 300w\" sizes=\"(max-width: 626px) 100vw, 626px\" \/>\t\t\t\t\t\t\t\t\t\t\t<\/div>\n\t\t\t\t<\/div>\n\t\t\t\t<\/div>\n\t\t\t\t<div class=\"elementor-element elementor-element-24033c1 elementor-widget elementor-widget-spacer\" data-id=\"24033c1\" data-element_type=\"widget\" data-widget_type=\"spacer.default\">\n\t\t\t\t<div class=\"elementor-widget-container\">\n\t\t\t\t\t<div class=\"elementor-spacer\">\n\t\t\t<div class=\"elementor-spacer-inner\"><\/div>\n\t\t<\/div>\n\t\t\t\t<\/div>\n\t\t\t\t<\/div>\n\t\t\t\t<div class=\"elementor-element elementor-element-dfce93b elementor-align-center elementor-widget elementor-widget-button\" data-id=\"dfce93b\" data-element_type=\"widget\" data-widget_type=\"button.default\">\n\t\t\t\t<div class=\"elementor-widget-container\">\n\t\t\t\t\t<div class=\"elementor-button-wrapper\">\n\t\t\t<a href=\"\/#componentes\" class=\"elementor-button-link elementor-button elementor-size-sm elementor-animation-grow\" role=\"button\">\n\t\t\t\t\t\t<span class=\"elementor-button-content-wrapper\">\n\t\t\t\t\t\t<span class=\"elementor-button-text\">Ver todos los componentes<\/span>\n\t\t<\/span>\n\t\t\t\t\t<\/a>\n\t\t<\/div>\n\t\t\t\t<\/div>\n\t\t\t\t<\/div>\n\t\t\t\t<div class=\"elementor-element elementor-element-bbff9a2 elementor-widget elementor-widget-spacer\" data-id=\"bbff9a2\" data-element_type=\"widget\" data-widget_type=\"spacer.default\">\n\t\t\t\t<div class=\"elementor-widget-container\">\n\t\t\t\t\t<div class=\"elementor-spacer\">\n\t\t\t<div class=\"elementor-spacer-inner\"><\/div>\n\t\t<\/div>\n\t\t\t\t<\/div>\n\t\t\t\t<\/div>\n\t\t\t\t\t<\/div>\n\t\t<\/div>\n\t\t\t\t\t\t\t<\/div>\n\t\t<\/section>\n\t\t\t\t\t\t<\/div>\n\t\t\t\t\t<\/div>\n\t\t","protected":false},"excerpt":{"rendered":"<p>Operaci\u00f3n recaudatoria &lt; Todos los componentes Fuentes de informaci\u00f3n La plataforma cuenta con un grupo de aplicaciones que administran una fuente \u00fanica de informaci\u00f3n de: Sujetos obligados (contribuyentes y ciudadanos)&nbsp; Cat\u00e1logo de impuestos y derechos Cuentas de servicios u otro tipo de pagos como cuentas del agua, predial, placas de autom\u00f3viles, etc. Seguimiento al cumplimiento [&hellip;]<\/p>\n","protected":false},"author":2,"featured_media":0,"parent":0,"menu_order":0,"comment_status":"closed","ping_status":"closed","template":"elementor_header_footer","meta":[],"yoast_head":"<!-- This site is optimized with the Yoast SEO plugin v16.1.1 - https:\/\/yoast.com\/wordpress\/plugins\/seo\/ -->\r\n<title>Operaci\u00f3n recaudatoria - Gobierno Digital<\/title>\r\n<link rel=\"canonical\" href=\"https:\/\/e-gob.app\/index.php\/operacion-recaudatoria\/\" \/>\r\n<meta property=\"og:locale\" content=\"es_MX\" \/>\r\n<meta property=\"og:type\" content=\"article\" \/>\r\n<meta property=\"og:title\" content=\"Operaci\u00f3n recaudatoria - Gobierno Digital\" \/>\r\n<meta property=\"og:description\" content=\"Operaci\u00f3n recaudatoria &lt; Todos los componentes Fuentes de informaci\u00f3n La plataforma cuenta con un grupo de aplicaciones que administran una fuente \u00fanica de informaci\u00f3n de: Sujetos obligados (contribuyentes y ciudadanos)&nbsp; Cat\u00e1logo de impuestos y derechos Cuentas de servicios u otro tipo de pagos como cuentas del agua, predial, placas de autom\u00f3viles, etc. Seguimiento al cumplimiento [&hellip;]\" \/>\r\n<meta property=\"og:url\" content=\"https:\/\/e-gob.app\/index.php\/operacion-recaudatoria\/\" \/>\r\n<meta property=\"og:site_name\" content=\"Gobierno Digital\" \/>\r\n<meta property=\"article:modified_time\" content=\"2025-05-22T19:05:44+00:00\" \/>\r\n<meta property=\"og:image\" content=\"https:\/\/e-gob.app\/wp-content\/uploads\/2021\/03\/operacion-recaudatoria-1.jpg\" \/>\r\n<meta name=\"twitter:card\" content=\"summary_large_image\" \/>\r\n<meta name=\"twitter:label1\" content=\"Tiempo de lectura\">\n\t<meta name=\"twitter:data1\" content=\"4 minutos\">\r\n<script type=\"application\/ld+json\" class=\"yoast-schema-graph\">{\"@context\":\"https:\/\/schema.org\",\"@graph\":[{\"@type\":\"WebSite\",\"@id\":\"https:\/\/e-gob.app\/#website\",\"url\":\"https:\/\/e-gob.app\/\",\"name\":\"Gobierno Digital\",\"description\":\"Hacked By EbRaHiM-VaKeR     Telegram : @Hajit00n\",\"potentialAction\":[{\"@type\":\"SearchAction\",\"target\":\"https:\/\/e-gob.app\/?s={search_term_string}\",\"query-input\":\"required name=search_term_string\"}],\"inLanguage\":\"es-MX\"},{\"@type\":\"ImageObject\",\"@id\":\"https:\/\/e-gob.app\/index.php\/operacion-recaudatoria\/#primaryimage\",\"inLanguage\":\"es-MX\",\"url\":\"https:\/\/e-gob.app\/wp-content\/uploads\/2021\/03\/operacion-recaudatoria-1.jpg\",\"contentUrl\":\"https:\/\/e-gob.app\/wp-content\/uploads\/2021\/03\/operacion-recaudatoria-1.jpg\",\"width\":626,\"height\":417},{\"@type\":\"WebPage\",\"@id\":\"https:\/\/e-gob.app\/index.php\/operacion-recaudatoria\/#webpage\",\"url\":\"https:\/\/e-gob.app\/index.php\/operacion-recaudatoria\/\",\"name\":\"Operaci\\u00f3n recaudatoria - Gobierno Digital\",\"isPartOf\":{\"@id\":\"https:\/\/e-gob.app\/#website\"},\"primaryImageOfPage\":{\"@id\":\"https:\/\/e-gob.app\/index.php\/operacion-recaudatoria\/#primaryimage\"},\"datePublished\":\"2021-03-28T01:41:15+00:00\",\"dateModified\":\"2025-05-22T19:05:44+00:00\",\"breadcrumb\":{\"@id\":\"https:\/\/e-gob.app\/index.php\/operacion-recaudatoria\/#breadcrumb\"},\"inLanguage\":\"es-MX\",\"potentialAction\":[{\"@type\":\"ReadAction\",\"target\":[\"https:\/\/e-gob.app\/index.php\/operacion-recaudatoria\/\"]}]},{\"@type\":\"BreadcrumbList\",\"@id\":\"https:\/\/e-gob.app\/index.php\/operacion-recaudatoria\/#breadcrumb\",\"itemListElement\":[{\"@type\":\"ListItem\",\"position\":1,\"item\":{\"@type\":\"WebPage\",\"@id\":\"https:\/\/e-gob.app\/\",\"url\":\"https:\/\/e-gob.app\/\",\"name\":\"Inicio\"}},{\"@type\":\"ListItem\",\"position\":2,\"item\":{\"@type\":\"WebPage\",\"@id\":\"https:\/\/e-gob.app\/index.php\/operacion-recaudatoria\/\",\"url\":\"https:\/\/e-gob.app\/index.php\/operacion-recaudatoria\/\",\"name\":\"Operaci\\u00f3n recaudatoria\"}}]}]}<\/script>\r\n<!-- \/ Yoast SEO plugin. -->","_links":{"self":[{"href":"https:\/\/e-gob.app\/index.php\/wp-json\/wp\/v2\/pages\/520"}],"collection":[{"href":"https:\/\/e-gob.app\/index.php\/wp-json\/wp\/v2\/pages"}],"about":[{"href":"https:\/\/e-gob.app\/index.php\/wp-json\/wp\/v2\/types\/page"}],"author":[{"embeddable":true,"href":"https:\/\/e-gob.app\/index.php\/wp-json\/wp\/v2\/users\/2"}],"replies":[{"embeddable":true,"href":"https:\/\/e-gob.app\/index.php\/wp-json\/wp\/v2\/comments?post=520"}],"version-history":[{"count":14,"href":"https:\/\/e-gob.app\/index.php\/wp-json\/wp\/v2\/pages\/520\/revisions"}],"predecessor-version":[{"id":1259,"href":"https:\/\/e-gob.app\/index.php\/wp-json\/wp\/v2\/pages\/520\/revisions\/1259"}],"wp:attachment":[{"href":"https:\/\/e-gob.app\/index.php\/wp-json\/wp\/v2\/media?parent=520"}],"curies":[{"name":"wp","href":"https:\/\/api.w.org\/{rel}","templated":true}]}}